{"id":12,"date":"2024-07-03T11:58:02","date_gmt":"2024-07-03T10:58:02","guid":{"rendered":"https:\/\/kadeix.com\/?page_id=12"},"modified":"2025-02-03T10:35:05","modified_gmt":"2025-02-03T09:35:05","slug":"bienvenue-sur-kadeix","status":"publish","type":"page","link":"https:\/\/kadeix.com\/","title":{"rendered":"Bienvenue sur Kadeix"},"content":{"rendered":"\t\t<div data-elementor-type=\"wp-page\" data-elementor-id=\"12\" class=\"elementor elementor-12\">\n\t\t\t\t<div class=\"elementor-element elementor-element-00952be e-flex e-con-boxed e-con e-parent\" data-id=\"00952be\" data-element_type=\"container\" data-settings=\"{&quot;background_background&quot;:&quot;gradient&quot;}\">\n\t\t\t\t\t<div class=\"e-con-inner\">\n\t\t\t\t\t<\/div>\n\t\t\t\t<\/div>\n\t\t<div class=\"elementor-element elementor-element-ec54489 e-flex e-con-boxed e-con e-parent\" data-id=\"ec54489\" data-element_type=\"container\">\n\t\t\t\t\t<div class=\"e-con-inner\">\n\t\t\t\t<div class=\"elementor-element elementor-element-be00310 elementor-widget elementor-widget-heading\" data-id=\"be00310\" data-element_type=\"widget\" data-widget_type=\"heading.default\">\n\t\t\t\t<div class=\"elementor-widget-container\">\n\t\t\t<style>\/*! elementor - v3.22.0 - 26-06-2024 *\/\n.elementor-heading-title{padding:0;margin:0;line-height:1}.elementor-widget-heading .elementor-heading-title[class*=elementor-size-]>a{color:inherit;font-size:inherit;line-height:inherit}.elementor-widget-heading .elementor-heading-title.elementor-size-small{font-size:15px}.elementor-widget-heading .elementor-heading-title.elementor-size-medium{font-size:19px}.elementor-widget-heading .elementor-heading-title.elementor-size-large{font-size:29px}.elementor-widget-heading .elementor-heading-title.elementor-size-xl{font-size:39px}.elementor-widget-heading .elementor-heading-title.elementor-size-xxl{font-size:59px}<\/style><h2 class=\"elementor-heading-title elementor-size-default\">Kadeix rejoint Pilote Data<\/h2>\t\t<\/div>\n\t\t\t\t<\/div>\n\t\t\t\t\t<\/div>\n\t\t\t\t<\/div>\n\t\t<div class=\"elementor-element elementor-element-67a22f9 e-flex e-con-boxed e-con e-parent\" data-id=\"67a22f9\" data-element_type=\"container\">\n\t\t\t\t\t<div class=\"e-con-inner\">\n\t\t\t\t<div class=\"elementor-element elementor-element-3b13b9f elementor-widget elementor-widget-spacer\" data-id=\"3b13b9f\" data-element_type=\"widget\" data-widget_type=\"spacer.default\">\n\t\t\t\t<div class=\"elementor-widget-container\">\n\t\t\t<style>\/*! elementor - v3.22.0 - 26-06-2024 *\/\n.elementor-column .elementor-spacer-inner{height:var(--spacer-size)}.e-con{--container-widget-width:100%}.e-con-inner>.elementor-widget-spacer,.e-con>.elementor-widget-spacer{width:var(--container-widget-width,var(--spacer-size));--align-self:var(--container-widget-align-self,initial);--flex-shrink:0}.e-con-inner>.elementor-widget-spacer>.elementor-widget-container,.e-con>.elementor-widget-spacer>.elementor-widget-container{height:100%;width:100%}.e-con-inner>.elementor-widget-spacer>.elementor-widget-container>.elementor-spacer,.e-con>.elementor-widget-spacer>.elementor-widget-container>.elementor-spacer{height:100%}.e-con-inner>.elementor-widget-spacer>.elementor-widget-container>.elementor-spacer>.elementor-spacer-inner,.e-con>.elementor-widget-spacer>.elementor-widget-container>.elementor-spacer>.elementor-spacer-inner{height:var(--container-widget-height,var(--spacer-size))}.e-con-inner>.elementor-widget-spacer.elementor-widget-empty,.e-con>.elementor-widget-spacer.elementor-widget-empty{position:relative;min-height:22px;min-width:22px}.e-con-inner>.elementor-widget-spacer.elementor-widget-empty .elementor-widget-empty-icon,.e-con>.elementor-widget-spacer.elementor-widget-empty .elementor-widget-empty-icon{position:absolute;top:0;bottom:0;left:0;right:0;margin:auto;padding:0;width:22px;height:22px}<\/style>\t\t<div class=\"elementor-spacer\">\n\t\t\t<div class=\"elementor-spacer-inner\"><\/div>\n\t\t<\/div>\n\t\t\t\t<\/div>\n\t\t\t\t<\/div>\n\t\t\t\t<div class=\"elementor-element elementor-element-1f9a4b2 elementor-widget elementor-widget-text-editor\" data-id=\"1f9a4b2\" data-element_type=\"widget\" data-widget_type=\"text-editor.default\">\n\t\t\t\t<div class=\"elementor-widget-container\">\n\t\t\t<style>\/*! elementor - v3.22.0 - 26-06-2024 *\/\n.elementor-widget-text-editor.elementor-drop-cap-view-stacked .elementor-drop-cap{background-color:#69727d;color:#fff}.elementor-widget-text-editor.elementor-drop-cap-view-framed .elementor-drop-cap{color:#69727d;border:3px solid;background-color:transparent}.elementor-widget-text-editor:not(.elementor-drop-cap-view-default) .elementor-drop-cap{margin-top:8px}.elementor-widget-text-editor:not(.elementor-drop-cap-view-default) .elementor-drop-cap-letter{width:1em;height:1em}.elementor-widget-text-editor .elementor-drop-cap{float:left;text-align:center;line-height:1;font-size:50px}.elementor-widget-text-editor .elementor-drop-cap-letter{display:inline-block}<\/style>\t\t\t\t<p>Nous sommes heureux de vous annoncer que la soci\u00e9t\u00e9 <strong>Pilote Gestion<\/strong> a r\u00e9cemment acquis <strong>Kadeix<\/strong>. Cette acquisition marque le d\u00e9but d&#8217;une nouvelle \u00e8re pour notre logiciel, qui devient d\u00e9sormais <strong>Pilote Data<\/strong>.<\/p><p><strong>Pilote Data<\/strong> conserve l&#8217;\u00e9quipe talentueuse de Kadeix, d\u00e9sormais renforc\u00e9e par des membres exp\u00e9riment\u00e9s de Pilote Gestion. Ensemble, nous travaillons pour redynamiser et am\u00e9liorer le logiciel, avec de nouvelles fonctionnalit\u00e9s, un design repens\u00e9, et des \u00e9v\u00e9nements digitaux passionnants.<\/p><p>Notre objectif est de renforcer et rassembler la communaut\u00e9 au sein de notre nouveau site. D\u00e9couvrez tout cela et plus encore sur <strong><a href=\"https:\/\/www.pilotedata.fr\" rel=\"noreferrer\">Pilote Data<\/a><\/strong>.<\/p>\t\t\t\t\t\t<\/div>\n\t\t\t\t<\/div>\n\t\t\t\t\t<\/div>\n\t\t\t\t<\/div>\n\t\t<div class=\"elementor-element elementor-element-306028e e-flex e-con-boxed e-con e-parent\" data-id=\"306028e\" data-element_type=\"container\">\n\t\t\t\t\t<div class=\"e-con-inner\">\n\t\t\t\t<div class=\"elementor-element elementor-element-cfad762 elementor-align-center elementor-widget elementor-widget-button\" data-id=\"cfad762\" data-element_type=\"widget\" data-widget_type=\"button.default\">\n\t\t\t\t<div class=\"elementor-widget-container\">\n\t\t\t\t\t<div class=\"elementor-button-wrapper\">\n\t\t\t<a class=\"elementor-button elementor-button-link elementor-size-sm\" href=\"https:\/\/www.pilotedata.fr\">\n\t\t\t\t\t\t<span class=\"elementor-button-content-wrapper\">\n\t\t\t\t\t\t\t\t\t<span class=\"elementor-button-text\">Acceder au nouveau site Pilote Data<\/span>\n\t\t\t\t\t<\/span>\n\t\t\t\t\t<\/a>\n\t\t<\/div>\n\t\t\t\t<\/div>\n\t\t\t\t<\/div>\n\t\t\t\t\t<\/div>\n\t\t\t\t<\/div>\n\t\t<div class=\"elementor-element elementor-element-c89d9e9 e-flex e-con-boxed e-con e-parent\" data-id=\"c89d9e9\" data-element_type=\"container\">\n\t\t\t\t\t<div class=\"e-con-inner\">\n\t\t\t\t<div class=\"elementor-element elementor-element-ed1d6e0 elementor-view-default elementor-widget elementor-widget-icon\" data-id=\"ed1d6e0\" data-element_type=\"widget\" data-widget_type=\"icon.default\">\n\t\t\t\t<div class=\"elementor-widget-container\">\n\t\t\t\t\t<div class=\"elementor-icon-wrapper\">\n\t\t\t<div class=\"elementor-icon\">\n\t\t\t<svg aria-hidden=\"true\" class=\"e-font-icon-svg e-fas-long-arrow-alt-right\" viewBox=\"0 0 448 512\" xmlns=\"http:\/\/www.w3.org\/2000\/svg\"><path d=\"M313.941 216H12c-6.627 0-12 5.373-12 12v56c0 6.627 5.373 12 12 12h301.941v46.059c0 21.382 25.851 32.09 40.971 16.971l86.059-86.059c9.373-9.373 9.373-24.569 0-33.941l-86.059-86.059c-15.119-15.119-40.971-4.411-40.971 16.971V216z\"><\/path><\/svg>\t\t\t<\/div>\n\t\t<\/div>\n\t\t\t\t<\/div>\n\t\t\t\t<\/div>\n\t\t\t\t\t<\/div>\n\t\t\t\t<\/div>\n\t\t<div class=\"elementor-element elementor-element-28a28a1 e-flex e-con-boxed e-con e-parent\" data-id=\"28a28a1\" data-element_type=\"container\">\n\t\t\t\t\t<div class=\"e-con-inner\">\n\t\t<div class=\"elementor-element elementor-element-4bfd885 e-con-full e-flex e-con e-child\" data-id=\"4bfd885\" data-element_type=\"container\">\n\t\t\t\t<div class=\"elementor-element elementor-element-cd70496 elementor-widget elementor-widget-image\" data-id=\"cd70496\" data-element_type=\"widget\" data-widget_type=\"image.default\">\n\t\t\t\t<div class=\"elementor-widget-container\">\n\t\t\t<style>\/*! elementor - v3.22.0 - 26-06-2024 *\/\n.elementor-widget-image{text-align:center}.elementor-widget-image a{display:inline-block}.elementor-widget-image a img[src$=\".svg\"]{width:48px}.elementor-widget-image img{vertical-align:middle;display:inline-block}<\/style>\t\t\t\t\t\t\t\t\t\t<img fetchpriority=\"high\" decoding=\"async\" width=\"800\" height=\"379\" src=\"https:\/\/kadeix.com\/wp-content\/uploads\/2024\/07\/Site-wp-ancien-1024x485.png\" class=\"attachment-large size-large wp-image-21\" alt=\"Visuel de l&#039;ancien site Kadeix\" srcset=\"https:\/\/kadeix.com\/wp-content\/uploads\/2024\/07\/Site-wp-ancien-1024x485.png 1024w, https:\/\/kadeix.com\/wp-content\/uploads\/2024\/07\/Site-wp-ancien-300x142.png 300w, https:\/\/kadeix.com\/wp-content\/uploads\/2024\/07\/Site-wp-ancien-768x364.png 768w, https:\/\/kadeix.com\/wp-content\/uploads\/2024\/07\/Site-wp-ancien-1536x727.png 1536w, https:\/\/kadeix.com\/wp-content\/uploads\/2024\/07\/Site-wp-ancien.png 1918w\" sizes=\"(max-width: 800px) 100vw, 800px\" \/>\t\t\t\t\t\t\t\t\t\t\t\t\t<\/div>\n\t\t\t\t<\/div>\n\t\t\t\t<\/div>\n\t\t<div class=\"elementor-element elementor-element-217e428 e-con-full e-flex e-con e-child\" data-id=\"217e428\" data-element_type=\"container\">\n\t\t\t\t<div class=\"elementor-element elementor-element-e81d57e elementor-widget elementor-widget-image\" data-id=\"e81d57e\" data-element_type=\"widget\" data-widget_type=\"image.default\">\n\t\t\t\t<div class=\"elementor-widget-container\">\n\t\t\t\t\t\t\t\t\t\t\t\t\t<img decoding=\"async\" width=\"800\" height=\"378\" src=\"https:\/\/kadeix.com\/wp-content\/uploads\/2024\/07\/Nouveau-site-1024x484.png\" class=\"attachment-large size-large wp-image-22\" alt=\"Visuel du nouveau site Kadeix\" srcset=\"https:\/\/kadeix.com\/wp-content\/uploads\/2024\/07\/Nouveau-site-1024x484.png 1024w, https:\/\/kadeix.com\/wp-content\/uploads\/2024\/07\/Nouveau-site-300x142.png 300w, https:\/\/kadeix.com\/wp-content\/uploads\/2024\/07\/Nouveau-site-768x363.png 768w, https:\/\/kadeix.com\/wp-content\/uploads\/2024\/07\/Nouveau-site-1536x726.png 1536w, https:\/\/kadeix.com\/wp-content\/uploads\/2024\/07\/Nouveau-site.png 1918w\" sizes=\"(max-width: 800px) 100vw, 800px\" \/>\t\t\t\t\t\t\t\t\t\t\t\t\t<\/div>\n\t\t\t\t<\/div>\n\t\t\t\t<\/div>\n\t\t\t\t\t<\/div>\n\t\t\t\t<\/div>\n\t\t\t\t<\/div>\n\t\t","protected":false},"excerpt":{"rendered":"<p>Kadeix rejoint Pilote Data Kadeix rejoint Pilote Data Nous sommes heureux de vous annoncer que la soci\u00e9t\u00e9 Pilote Gestion a r\u00e9cemment acquis Kadeix. Cette acquisition marque le d\u00e9but d&#8217;une nouvelle \u00e8re pour notre logiciel, qui devient d\u00e9sormais Pilote Data. Pilote Data conserve l&#8217;\u00e9quipe talentueuse de Kadeix, d\u00e9sormais renforc\u00e9e par des membres exp\u00e9riment\u00e9s de Pilote Gestion. [&hellip;]<\/p>\n","protected":false},"author":1,"featured_media":0,"parent":0,"menu_order":0,"comment_status":"closed","ping_status":"closed","template":"elementor_header_footer","meta":{"footnotes":""},"class_list":["post-12","page","type-page","status-publish","hentry"],"_links":{"self":[{"href":"https:\/\/kadeix.com\/index.php?rest_route=\/wp\/v2\/pages\/12","targetHints":{"allow":["GET"]}}],"collection":[{"href":"https:\/\/kadeix.com\/index.php?rest_route=\/wp\/v2\/pages"}],"about":[{"href":"https:\/\/kadeix.com\/index.php?rest_route=\/wp\/v2\/types\/page"}],"author":[{"embeddable":true,"href":"https:\/\/kadeix.com\/index.php?rest_route=\/wp\/v2\/users\/1"}],"replies":[{"embeddable":true,"href":"https:\/\/kadeix.com\/index.php?rest_route=%2Fwp%2Fv2%2Fcomments&post=12"}],"version-history":[{"count":47,"href":"https:\/\/kadeix.com\/index.php?rest_route=\/wp\/v2\/pages\/12\/revisions"}],"predecessor-version":[{"id":79,"href":"https:\/\/kadeix.com\/index.php?rest_route=\/wp\/v2\/pages\/12\/revisions\/79"}],"wp:attachment":[{"href":"https:\/\/kadeix.com\/index.php?rest_route=%2Fwp%2Fv2%2Fmedia&parent=12"}],"curies":[{"name":"wp","href":"https:\/\/api.w.org\/{rel}","templated":true}]}}